{"id":476,"date":"2025-06-22T08:44:50","date_gmt":"2025-06-22T08:44:50","guid":{"rendered":"https:\/\/wash.digitalmonkey.se\/?page_id=476"},"modified":"2025-06-24T18:13:10","modified_gmt":"2025-06-24T18:13:10","slug":"boka-tid","status":"publish","type":"page","link":"https:\/\/stylewash.se\/index.php\/boka-tid\/","title":{"rendered":"Boka tid"},"content":{"rendered":"<section class=\"bde-section-476-100 bde-section\">\n              \n  \n  \n\t\n\n  <div class=\"section-background-overlay\"><\/div>\n\n\n        <div class=\"section-shape-divider-wrapper section-shape-divider-wrapper--1\">\n          <span class=\"section-shape-divider\">\n                      <svg\n                xmlns=\"http:\/\/www.w3.org\/2000\/svg\"\n                viewBox=\"0 0 1440 320\"\n                preserveAspectRatio=\"none\"\n            >\n              <path fill=\"currentColor\" fill-opacity=\"1\" d=\"M0,128L720,288L1440,64L1440,320L720,320L0,320Z\"><\/path>\n            <\/svg>\n                    <\/span>\n      <\/div>\n  <div class=\"section-container\"><div class=\"bde-columns-476-101 bde-columns\"><div class=\"bde-column-476-102 bde-column\">\n  \n  \n\t\n\n\n\n<h1 class=\"bde-heading-476-103 bde-heading\">\nBoka tid\n<\/h1><div class=\"bde-text-476-104 bde-text\">\nHar du fr\u00e5gor eller vill du boka en tid f\u00f6r biltv\u00e4tt? Du \u00e4r varmt v\u00e4lkommen att ringa oss direkt \u2013 vi hj\u00e4lper dig g\u00e4rna!<br>Du kan ocks\u00e5 enkelt boka din tid via v\u00e5rt smidiga bokningssystem h\u00e4r p\u00e5 sidan. V\u00e4lj det alternativ som passar dig b\u00e4st, s\u00e5 tar vi hand om resten.<br><br>Vi ser fram emot att h\u00f6ra fr\u00e5n dig och ta hand om din bil!\n<\/div><h6 class=\"bde-heading-476-115 bde-heading\">\nKrysshammarv\u00e4gen 46, 171 57 Solna, Stockholm, Sverige<br>M\u00e5ndag - Fredag: 08:00 - 18:00<br>L\u00f6rdag: 09:00 - 18:00<br>S\u00f6ndag: 09:00 - 16:00\n<\/h6><div class=\"bde-button-476-112 bde-button\">\n        \n    \n    \n    \n    \n            \n                    \n            \n            \n\n    \n    \n    \n    \n    \n    <a class=\"breakdance-link button-atom button-atom--primary bde-button__button\" href=\"tel:+46 08 27 00 01\" target=\"_self\" data-type=\"contact\"  >\n\n    \n        <span class=\"button-atom__text\">+46 08 27 00 01<\/span>\n\n                            \n        \n                <\/a>\n\n    \n\n\n<\/div><div class=\"bde-fancy-divider-476-105 bde-fancy-divider\">\n\n\n<div class=\"bde-fancy-divider__wrapper\">\n  <div class=\"bde-fancy-divider__separator has-content has-content-center \">\n  \t    \t    \t    \t\t\t    \t\t<div class=\"bde-fancy-divider__content bde-fancy-divider__content--icon\"><svg xmlns=\"http:\/\/www.w3.org\/2000\/svg\" viewBox=\"0 0 384 512\"><!--! Font Awesome Free 6.5.1 by @fontawesome - https:\/\/fontawesome.com License - https:\/\/fontawesome.com\/license\/free (Icons: CC BY 4.0, Fonts: SIL OFL 1.1, Code: MIT License) Copyright 2023 Fonticons, Inc. --><path d=\"M32 64C14.3 64 0 49.7 0 32S14.3 0 32 0l96 0c53 0 96 43 96 96l0 306.7 73.4-73.4c12.5-12.5 32.8-12.5 45.3 0s12.5 32.8 0 45.3l-128 128c-12.5 12.5-32.8 12.5-45.3 0l-128-128c-12.5-12.5-12.5-32.8 0-45.3s32.8-12.5 45.3 0L160 402.7 160 96c0-17.7-14.3-32-32-32L32 64z\"\/><\/svg><\/div>\n    \t                  <\/div>\n<\/div>\n\n<\/div><div class=\"bde-back-to-top-476-106 bde-back-to-top bde-back-to-top--progress is-sticky\">\n\n\n<button aria-label=\"Back to top\" tabindex=\"0\" class=\"bde-back-to-top__button bde-back-to-top__button--progress bde-back-to-top__button--show-always bde-back-to-top__button--animation-fade is-sticky  js-ee-back-to-top\">\n    \t<svg class=\"bde-back-to-top__progress-svg js-progress-svg\" width=\"100%\" height=\"100%\" viewBox=\"-1 -1 102 102\">\n\t  <path class=\"background\" d=\"M50,1 a49,49 0 0,1 0,98 a49,49 0 0,1 0,-98\"\/>\n      <path class=\"tracker\" d=\"M50,1 a49,49 0 0,1 0,98 a49,49 0 0,1 0,-98\"\/>\n  \t<\/svg>\n         <div class=\"bde-back-to-top__icon-wrap\">\n                <svg xmlns=\"http:\/\/www.w3.org\/2000\/svg\" viewBox=\"0 0 384 512\"><!--! Font Awesome Free 6.5.1 by @fontawesome - https:\/\/fontawesome.com License - https:\/\/fontawesome.com\/license\/free (Icons: CC BY 4.0, Fonts: SIL OFL 1.1, Code: MIT License) Copyright 2023 Fonticons, Inc. --><path d=\"M32 448c-17.7 0-32 14.3-32 32s14.3 32 32 32l96 0c53 0 96-43 96-96l0-306.7 73.4 73.4c12.5 12.5 32.8 12.5 45.3 0s12.5-32.8 0-45.3l-128-128c-12.5-12.5-32.8-12.5-45.3 0l-128 128c-12.5 12.5-12.5 32.8 0 45.3s32.8 12.5 45.3 0L160 109.3 160 416c0 17.7-14.3 32-32 32l-96 0z\"\/><\/svg>\n          <\/div>\n    <\/button>\n\n\n<\/div>\n<\/div><\/div><\/div>\n<\/section><section class=\"bde-section-476-107 bde-section\">\n  \n  \n\t\n\n\n\n<div class=\"section-container\"><div class=\"bde-columns-476-108 bde-columns\"><div class=\"bde-column-476-113 bde-column\">\n  \n  \n\t\n\n\n\n<div id=\"bokatid\" class=\"bde-shortcode-476-114 bde-shortcode\">\n<script>\n  if (typeof hasAmeliaEntitiesApiCall === 'undefined' && ('' === '' && '' !== '1')) {\n    var hasAmeliaEntitiesApiCall = true;\n  }\n  var ameliaShortcodeData = (typeof ameliaShortcodeData === 'undefined') ? [] : ameliaShortcodeData;\n  ameliaShortcodeData.push(\n    {\n      'hasApiCall': (typeof hasAmeliaEntitiesApiCall !== 'undefined') && hasAmeliaEntitiesApiCall,\n      'trigger': '',\n      'trigger_type': '',\n      'triggered_form': 'sbsNew',\n      'in_dialog': '',\n      'show': '',\n      'counter': '1000',\n      'category': '',\n      'service': '',\n      'employee': '',\n      'location': '',\n      'package': '',\n      'layout': '',\n    }\n  );\n\n  var ameliaShortcodeDataTriggered = (typeof ameliaShortcodeDataTriggered === 'undefined') ? [] : ameliaShortcodeDataTriggered;\n  if (ameliaShortcodeData[ameliaShortcodeData.length - 1].trigger !== '') {\n    if (ameliaShortcodeDataTriggered.filter(a => a.counter === ameliaShortcodeData[ameliaShortcodeData.length - 1].counter).length === 0) {\n      ameliaShortcodeDataTriggered.push(ameliaShortcodeData.pop());\n    } else {\n      ameliaShortcodeData.pop()\n    }\n  }\n  if (typeof hasAmeliaEntitiesApiCall !== 'undefined' && hasAmeliaEntitiesApiCall) {\n    hasAmeliaEntitiesApiCall = false;\n  }\n<\/script>\n\n<div\n  id=\"amelia-v2-booking-1000\"\n  class=\"amelia-v2-booking\"\n >\n    <step-form-wrapper><\/step-form-wrapper><\/div>\n<\/div>\n<\/div><\/div><\/div>\n<\/section>","protected":false},"excerpt":{"rendered":"<p>Boka tid Har du fr\u00e5gor eller vill du boka en tid f\u00f6r biltv\u00e4tt? Du \u00e4r varmt v\u00e4lkommen att ringa oss direkt \u2013 vi hj\u00e4lper dig g\u00e4rna!Du kan ocks\u00e5 enkelt boka din tid via v\u00e5rt smidiga bokningssystem h\u00e4r p\u00e5 sidan. V\u00e4lj det alternativ som passar dig b\u00e4st, s\u00e5 tar vi hand om resten.Vi ser fram emot [&hellip;]<\/p>\n","protected":false},"author":1,"featured_media":0,"parent":0,"menu_order":0,"comment_status":"closed","ping_status":"closed","template":"","meta":{"_breakdance_hide_in_design_set":false,"_breakdance_tags":"","footnotes":""},"class_list":["post-476","page","type-page","status-publish","hentry"],"_links":{"self":[{"href":"https:\/\/stylewash.se\/index.php\/wp-json\/wp\/v2\/pages\/476","targetHints":{"allow":["GET"]}}],"collection":[{"href":"https:\/\/stylewash.se\/index.php\/wp-json\/wp\/v2\/pages"}],"about":[{"href":"https:\/\/stylewash.se\/index.php\/wp-json\/wp\/v2\/types\/page"}],"author":[{"embeddable":true,"href":"https:\/\/stylewash.se\/index.php\/wp-json\/wp\/v2\/users\/1"}],"replies":[{"embeddable":true,"href":"https:\/\/stylewash.se\/index.php\/wp-json\/wp\/v2\/comments?post=476"}],"version-history":[{"count":13,"href":"https:\/\/stylewash.se\/index.php\/wp-json\/wp\/v2\/pages\/476\/revisions"}],"predecessor-version":[{"id":513,"href":"https:\/\/stylewash.se\/index.php\/wp-json\/wp\/v2\/pages\/476\/revisions\/513"}],"wp:attachment":[{"href":"https:\/\/stylewash.se\/index.php\/wp-json\/wp\/v2\/media?parent=476"}],"curies":[{"name":"wp","href":"https:\/\/api.w.org\/{rel}","templated":true}]}}